{"id":1464,"date":"2025-07-03T13:07:34","date_gmt":"2025-07-03T13:07:34","guid":{"rendered":"https:\/\/estac.eu\/mentions-legales\/"},"modified":"2026-02-16T15:11:54","modified_gmt":"2026-02-16T15:11:54","slug":"mentions-legales","status":"publish","type":"page","link":"https:\/\/estac.eu\/ca\/mentions-legales\/","title":{"rendered":"Mentions l\u00e9gales"},"content":{"rendered":"\n<div class=\"wp-block-uagb-container uagb-block-0a3c038c alignfull uagb-is-root-container\"><div class=\"uagb-container-inner-blocks-wrap\">\n<div class=\"wp-block-uagb-advanced-heading uagb-block-68c7b934\"><h1 class=\"uagb-heading-text\">Mentions l\u00e9gales<\/h1><\/div>\n\n\n\n<div class=\"wp-block-group is-layout-constrained wp-block-group-is-layout-constrained\">\n<div class=\"wp-block-uagb-container uagb-block-04fad10f\">\n<p><strong>\u00c9diteur du site<\/strong><br>Le site <em>estac.eu<\/em> est \u00e9dit\u00e9 dans le cadre du <strong>projet Interreg POCTEFA <strong>EFA137\/02<\/strong> ESTAC &#8211; Espace transfrontalier de formation et de recherche<\/strong>, port\u00e9 par l\u2019<strong>Universit\u00e9 de Perpignan Via Domitia (UPVD)<\/strong> qui en est l&#8217;<strong>entit\u00e9<\/strong> <strong>chef de file<\/strong> et l&#8217;entit\u00e9 responsable de la communication associ\u00e9e au projet.<br><br><strong>Coordonn\u00e9es de l\u2019\u00e9diteur :<\/strong><br><strong>Universit\u00e9 de Perpignan Via Domitia (UPVD)<\/strong><br>52, Avenue Paul Alduy, 66860 Perpignan Cedex 9 \u2013 France<br><strong>Siret <\/strong>: 196 604 375 00010<\/p>\n\n\n\n<p><strong>Responsables du projet et de la publication<\/strong><br>Julien Lugand, responsable scientifique du projet ESTAC au sein de l&#8217;UPVD : <a href=\"mailto:julien.lugand@univ-perp.fr\">julien.lugand@univ-perp.fr<\/a> <br>Margault Coste-Hequet, charg\u00e9e de projet : <a href=\"mailto:estac@univ-perp.fr\">estac@univ-perp.fr<\/a><\/p>\n\n\n\n<p><strong>Responsable du traitement des donn\u00e9es personnelles<\/strong><br>Margault Coste-Hequet, manager du projet : <a href=\"mailto:estac@univ-perp.fr\">estac@univ-perp.fr<\/a><\/p>\n\n\n\n<p><strong>Nature du site<\/strong><br>Le site du projet ESTAC est un <strong>site vitrine<\/strong> visant \u00e0 pr\u00e9senter le projet, ainsi qu&#8217;\u00e0 informer des derni\u00e8res actualit\u00e9s et r\u00e9sultats le concernant.<br>Il ne propose aucun service commercial et ne collecte pas de paiements.<br>Cr\u00e9\u00e9 dans le cadre du projet Interreg POCTEFA ESTAC, le site <a href=\"http:\/\/estac.eu\">estac.eu<\/a> est cofinanc\u00e9 gr\u00e2ce aux fonds europ\u00e9ens \u00e0 travers le programme Interreg VI-A Espagne-France-Andorre (POCTEFA 2021-2027) et l&#8217;aire fonctionnelle EsCaT, Espace catalan transfrontalier.<\/p>\n\n\n\n<p><strong>Conception et r\u00e9alisation<\/strong><br>Hybride Conseil<br>Immeuble Espadon Voilier<br>1, boulevard Kennedy<br>66100 Perpignan<\/p>\n\n\n\n<p><strong>H\u00e9bergement<\/strong><br>O2switch \u2013 Chemin des Pardiaux \u2013 63000 Clermont-Ferrand \u2013 510 909 807 R.C.S. Clermont-ferrand<\/p>\n\n\n\n<p><strong>Propri\u00e9t\u00e9 intellectuelle<\/strong><br>L\u2019ensemble des contenus pr\u00e9sents sur le site <a href=\"http:\/\/estac.eu\">estac.eu<\/a> (textes, images, photographies, logos, vid\u00e9os, documents t\u00e9l\u00e9chargeables, \u00e9l\u00e9ments graphiques, structure du site, charte graphique, etc.) est prot\u00e9g\u00e9 par le droit d&#8217;auteur et par le droit de la propri\u00e9t\u00e9 intellectuelle.<br>Sauf mention contraire, ces contenus sont la propri\u00e9t\u00e9 exclusive du projet Interreg POCTEFA ESTAC et\/ou de ses partenaires. Toute reproduction, repr\u00e9sentation, modification, publication, adaptation ou exploitation, totale ou partielle, des \u00e9l\u00e9ments du site, par quelque proc\u00e9d\u00e9 que ce soit et sur quelque support que ce soit, est interdite sans autorisation \u00e9crite pr\u00e9alable du titulaire des droits.<br>Les logos et visuels du programme Interreg POCTEFA et de l\u2019Union europ\u00e9enne ainsi que des entit\u00e9s partenaires institutionnels sont utilis\u00e9s conform\u00e9ment aux r\u00e8gles de communication et restent la propri\u00e9t\u00e9 exclusive de leurs d\u00e9tenteurs respectifs.<\/p>\n\n\n\n<p><strong>Responsabilit\u00e9<\/strong><br>Les informations diffus\u00e9es sur le site <a href=\"http:\/\/estac.eu\">estac.eu<\/a> sont fournies \u00e0 titre informatif et sont r\u00e9guli\u00e8rement mises \u00e0 jour. Le projet ESTAC s\u2019efforce d\u2019assurer l\u2019exactitude et l\u2019actualisation des contenus publi\u00e9s, mais ne saurait garantir l\u2019exhaustivit\u00e9 ou l\u2019absence d\u2019erreurs.<br>L\u2019\u00e9diteur ne pourra \u00eatre tenu responsable des dommages directs ou indirects r\u00e9sultant de l\u2019acc\u00e8s au site, de son utilisation, ou de l\u2019impossibilit\u00e9 d\u2019y acc\u00e9der.<br>Le site peut contenir des liens hypertextes vers des sites tiers ; le projet ESTAC ne saurait \u00eatre tenu responsable du contenu de ces sites externes ni des \u00e9ventuels pr\u00e9judices pouvant r\u00e9sulter de leur consultation.<br><\/p>\n\n\n\n<p><strong>Droit applicable<\/strong><br>Le site <a href=\"http:\/\/estac.eu\">estac.eu<\/a> est r\u00e9gi par le droit fran\u00e7ais.<br>Tout litige relatif \u00e0 l\u2019interpr\u00e9tation ou \u00e0 l\u2019ex\u00e9cution des pr\u00e9sentes mentions l\u00e9gales, et plus g\u00e9n\u00e9ralement \u00e0 l\u2019utilisation du site, sera soumis aux juridictions fran\u00e7aises comp\u00e9tentes, sauf disposition l\u00e9gale imp\u00e9rative contraire.<\/p>\n<\/div>\n<\/div>\n<\/div><\/div>\n\n\n\n<div class=\"wp-block-uagb-container uagb-block-60c866c1 alignfull uagb-is-root-container\"><\/div>\n","protected":false},"excerpt":{"rendered":"<p>Mentions l\u00e9gales \u00c9diteur du siteLe site estac.eu est \u00e9dit\u00e9 dans le cadre du projet Interreg POCTEFA EFA137\/02 ESTAC &#8211; Espace [&hellip;]<\/p>\n","protected":false},"author":4,"featured_media":0,"parent":0,"menu_order":0,"comment_status":"closed","ping_status":"closed","template":"","meta":{"inline_featured_image":false,"_uag_custom_page_level_css":"","site-sidebar-layout":"default","site-content-layout":"","ast-site-content-layout":"default","site-content-style":"default","site-sidebar-style":"default","ast-global-header-display":"","ast-banner-title-visibility":"","ast-main-header-display":"","ast-hfb-above-header-display":"","ast-hfb-below-header-display":"","ast-hfb-mobile-header-display":"","site-post-title":"disabled","ast-breadcrumbs-content":"","ast-featured-img":"","footer-sml-layout":"","ast-disable-related-posts":"","theme-transparent-header-meta":"","adv-header-id-meta":"","stick-header-meta":"","header-above-stick-meta":"","header-main-stick-meta":"","header-below-stick-meta":"","astra-migrate-meta-layouts":"default","ast-page-background-enabled":"default","ast-page-background-meta":{"desktop":{"background-color":"var(--ast-global-color-4)","background-image":"","background-repeat":"repeat","background-position":"center center","background-size":"auto","background-attachment":"scroll","background-type":"","background-media":"","overlay-type":"","overlay-color":"","overlay-opacity":"","overlay-gradient":""},"tablet":{"background-color":"","background-image":"","background-repeat":"repeat","background-position":"center center","background-size":"auto","background-attachment":"scroll","background-type":"","background-media":"","overlay-type":"","overlay-color":"","overlay-opacity":"","overlay-gradient":""},"mobile":{"background-color":"","background-image":"","background-repeat":"repeat","background-position":"center center","background-size":"auto","background-attachment":"scroll","background-type":"","background-media":"","overlay-type":"","overlay-color":"","overlay-opacity":"","overlay-gradient":""}},"ast-content-background-meta":{"desktop":{"background-color":"var(--ast-global-color-5)","background-image":"","background-repeat":"repeat","background-position":"center center","background-size":"auto","background-attachment":"scroll","background-type":"","background-media":"","overlay-type":"","overlay-color":"","overlay-opacity":"","overlay-gradient":""},"tablet":{"background-color":"var(--ast-global-color-5)","background-image":"","background-repeat":"repeat","background-position":"center center","background-size":"auto","background-attachment":"scroll","background-type":"","background-media":"","overlay-type":"","overlay-color":"","overlay-opacity":"","overlay-gradient":""},"mobile":{"background-color":"var(--ast-global-color-5)","background-image":"","background-repeat":"repeat","background-position":"center center","background-size":"auto","background-attachment":"scroll","background-type":"","background-media":"","overlay-type":"","overlay-color":"","overlay-opacity":"","overlay-gradient":""}},"footnotes":""},"class_list":["post-1464","page","type-page","status-publish","hentry"],"uagb_featured_image_src":{"full":false,"thumbnail":false,"medium":false,"medium_large":false,"large":false,"1536x1536":false,"2048x2048":false},"uagb_author_info":{"display_name":"Hybride Conseil","author_link":"https:\/\/estac.eu\/ca\/author\/yyo1sgal21w5\/"},"uagb_comment_info":0,"uagb_excerpt":"Mentions l\u00e9gales \u00c9diteur du siteLe site estac.eu est \u00e9dit\u00e9 dans le cadre du projet Interreg POCTEFA EFA137\/02 ESTAC &#8211; Espace [&hellip;]","_links":{"self":[{"href":"https:\/\/estac.eu\/ca\/wp-json\/wp\/v2\/pages\/1464","targetHints":{"allow":["GET"]}}],"collection":[{"href":"https:\/\/estac.eu\/ca\/wp-json\/wp\/v2\/pages"}],"about":[{"href":"https:\/\/estac.eu\/ca\/wp-json\/wp\/v2\/types\/page"}],"author":[{"embeddable":true,"href":"https:\/\/estac.eu\/ca\/wp-json\/wp\/v2\/users\/4"}],"replies":[{"embeddable":true,"href":"https:\/\/estac.eu\/ca\/wp-json\/wp\/v2\/comments?post=1464"}],"version-history":[{"count":7,"href":"https:\/\/estac.eu\/ca\/wp-json\/wp\/v2\/pages\/1464\/revisions"}],"predecessor-version":[{"id":1614,"href":"https:\/\/estac.eu\/ca\/wp-json\/wp\/v2\/pages\/1464\/revisions\/1614"}],"wp:attachment":[{"href":"https:\/\/estac.eu\/ca\/wp-json\/wp\/v2\/media?parent=1464"}],"curies":[{"name":"wp","href":"https:\/\/api.w.org\/{rel}","templated":true}]}}